{"id":149,"date":"2017-10-04T09:15:05","date_gmt":"2017-10-04T09:15:05","guid":{"rendered":"http:\/\/wotahub.axiomthemes.com\/?page_id=149"},"modified":"2024-11-10T21:34:35","modified_gmt":"2024-11-10T21:34:35","slug":"nous-contacter","status":"publish","type":"page","link":"https:\/\/zonesismique.com\/ecadcoworking.com\/nous-contacter\/","title":{"rendered":"Nous contacter"},"content":{"rendered":"<p>[vc_row full_width=\u00a0\u00bbstretch_row\u00a0\u00bb content_placement=\u00a0\u00bbtop\u00a0\u00bb scheme=\u00a0\u00bbdark\u00a0\u00bb hide_bg_image_on_tablet=\u00a0\u00bb\u00a0\u00bb hide_bg_image_on_mobile=\u00a0\u00bb\u00a0\u00bb css=\u00a0\u00bb.vc_custom_1555446798562{background-color: #d1121a !important;}\u00a0\u00bb][vc_column fix_column=\u00a0\u00bb\u00a0\u00bb hide_bg_image_on_tablet=\u00a0\u00bb\u00a0\u00bb hide_bg_image_on_mobile=\u00a0\u00bb\u00a0\u00bb css=\u00a0\u00bb.vc_custom_1555351974148{background-color: #d1121a !important;}\u00a0\u00bb]<div id=\"sc_icons_982014905\" \n\tclass=\"sc_icons sc_icons_default sc_icons_size_small sc_align_center\"><div class=\"sc_icons_columns_wrap sc_item_columns trx_addons_columns_wrap columns_padding_bottom\"><div class=\"trx_addons_column-1_4\"><div class=\"sc_icons_item sc_icons_item_linked\"><div id=\"sc_icons_982014905_icon-smartphone-2\" class=\"sc_icons_icon sc_icon_type_ icon-smartphone-2\"\n\t\t\t\t\t\t\t\t\t\t\t\t><span class=\"sc_icon_type_ icon-smartphone-2\"><\/span><\/div><h4 class=\"sc_icons_item_title\"><span>Carl Plante 514-927-2105<\/span><\/h4><a href=\"tel:+1%20514%20927%202105\" class=\"sc_icons_item_link\"><\/a><\/div><\/div><div class=\"trx_addons_column-1_4\"><div class=\"sc_icons_item sc_icons_item_linked\"><div id=\"sc_icons_982014905_icon-work-station\" class=\"sc_icons_icon sc_icon_type_ icon-work-station\"\n\t\t\t\t\t\t style=\"color: #0a0a0a\"\t\t\t\t\t\t><span class=\"sc_icon_type_ icon-work-station\" style=\"color: #0a0a0a\"><\/span><\/div><h4 class=\"sc_icons_item_title\"><span>604 boul. industriel, St-Eustache, Qc, Canada, J7R5V3<\/span><\/h4><a href=\"https:\/\/www.google.ca\/maps\/place\/ECAD+Coworking\/@45.5567823,-73.9236758,1214m\/data=!3m1!1e3!4m6!3m5!1s0x4cc92f7fc3c7ef11:0xdeb8821aa40fcbcf!8m2!3d45.5570565!4d-73.9214964!16s%2Fg%2F11j8mcxvn7?hl=fr%20_blank&#038;entry=ttu&#038;g_ep=EgoyMDI0MTEwNi4wIKXMDSoASAFQAw%3D%3D\" class=\"sc_icons_item_link\"><\/a><\/div><\/div><div class=\"trx_addons_column-1_4\"><div class=\"sc_icons_item sc_icons_item_linked\"><div id=\"sc_icons_982014905_icon-email-1\" class=\"sc_icons_icon sc_icon_type_ icon-email-1\"\n\t\t\t\t\t\t\t\t\t\t\t\t><span class=\"sc_icon_type_ icon-email-1\"><\/span><\/div><h4 class=\"sc_icons_item_title\"><span>carlplante@ecadcoworking.com<\/span><\/h4><a href=\"mailto:%20carlplante@ecadcoworking.com\" class=\"sc_icons_item_link\"><\/a><\/div><\/div><div class=\"trx_addons_column-1_4\"><div class=\"sc_icons_item sc_icons_item_linked\"><div id=\"sc_icons_982014905_icon-facebook\" class=\"sc_icons_icon sc_icon_type_ icon-facebook\"\n\t\t\t\t\t\t\t\t\t\t\t\t><span class=\"sc_icon_type_ icon-facebook\"><\/span><\/div><h4 class=\"sc_icons_item_title\"><span>facebook.com\/ecadcoworking<\/span><\/h4><a href=\"https:\/\/www.facebook.com\/ecadcoworking\" class=\"sc_icons_item_link\"><\/a><\/div><\/div><\/div><\/div><!-- \/.sc_icons -->[\/vc_column][\/vc_row][vc_row full_width=\u00a0\u00bbstretch_row\u00a0\u00bb content_placement=\u00a0\u00bbmiddle\u00a0\u00bb hide_bg_image_on_tablet=\u00a0\u00bb\u00a0\u00bb hide_bg_image_on_mobile=\u00a0\u00bb\u00a0\u00bb css=\u00a0\u00bb.vc_custom_1556559464839{margin-bottom: 6em !important;background-color: #3c3c3c !important;}\u00a0\u00bb][vc_column fix_column=\u00a0\u00bb\u00a0\u00bb css=\u00a0\u00bb.vc_custom_1555447304964{margin-top: 6em !important;background-color: #3c3c3c !important;}\u00a0\u00bb][vc_empty_space height=\u00a0\u00bb20em\u00a0\u00bb hide_on_desktop=\u00a0\u00bb\u00a0\u00bb hide_on_notebook=\u00a0\u00bb\u00a0\u00bb hide_on_tablet=\u00a0\u00bb\u00a0\u00bb hide_on_mobile=\u00a0\u00bb\u00a0\u00bb]<div id=\"sc_title_927070005\"\n\t\tclass=\"sc_title color_style_default sc_title_default\"><h3 class=\"sc_item_title sc_title_title sc_align_center sc_item_title_style_default\">Nous contacter<\/h3><div class=\"sc_item_descr sc_title_descr sc_align_center\"><p>Vous pouvez nous envoyer un courriel \u00e0 carlplante@ecadcoworking.com en tout temps pour faire une visite des lieux, une location de bureau ou de la salle de conf\u00e9rence ainsi que toutes autres questions. Merci de votre int\u00e9r\u00eat pour ECAD Coworking. Nous vous r\u00e9pondrons dans les plus brefs d\u00e9lais.<\/p>\n<\/div><\/div><!-- \/.sc_title -->[\/vc_column][\/vc_row][vc_row full_width=\u00a0\u00bbstretch_row_content_no_spaces\u00a0\u00bb hide_bg_image_on_tablet=\u00a0\u00bb\u00a0\u00bb hide_bg_image_on_mobile=\u00a0\u00bb\u00a0\u00bb][vc_column]<div class=\"sc_layouts sc_layouts_default sc_layouts_2157\">[vc_row][vc_column icons_position=\"left\"]<div id=\"sc_googlemap_916111761_wrap\" class=\"sc_googlemap_wrap\"><div id=\"sc_googlemap_916111761\"\n\t\t\tclass=\"sc_googlemap sc_googlemap_default\"\n\t\t\t style=\"width:100%;height:500px;\"\t\t\tdata-zoom=\"17\"\n\t\t\tdata-style=\"default\"\n\t\t\tdata-cluster-icon=\"\"\n        ><iframe\n                    src=\"https:\/\/maps.google.com\/maps?t=m&output=embed&iwloc=near&z=17&q=+ECAD+Coworking+604+Bd+Industriel%2C+Saint-Eustache%2C+QC+J7R+5V3\"\n                    scrolling=\"no\"\n                    marginheight=\"0\"\n                    marginwidth=\"0\"\n                    frameborder=\"0\"\n                    aria-label=\"\"><\/iframe><\/div><\/div><!-- \/.sc_googlemap_wrap -->[\/vc_column][\/vc_row]<\/div>[\/vc_column][\/vc_row]<\/p>\n","protected":false},"excerpt":{"rendered":"<p>[vc_row full_width=\u00a0\u00bbstretch_row\u00a0\u00bb content_placement=\u00a0\u00bbtop\u00a0\u00bb scheme=\u00a0\u00bbdark\u00a0\u00bb hide_bg_image_on_tablet=\u00a0\u00bb\u00a0\u00bb hide_bg_image_on_mobile=\u00a0\u00bb\u00a0\u00bb css=\u00a0\u00bb.vc_custom_1555446798562{background-color: #d1121a !important;}\u00a0\u00bb][vc_column fix_column=\u00a0\u00bb\u00a0\u00bb hide_bg_image_on_tablet=\u00a0\u00bb\u00a0\u00bb hide_bg_image_on_mobile=\u00a0\u00bb\u00a0\u00bb css=\u00a0\u00bb.vc_custom_1555351974148{background-color: #d1121a !important;}\u00a0\u00bb][\/vc_column][\/vc_row][vc_row full_width=\u00a0\u00bbstretch_row\u00a0\u00bb content_placement=\u00a0\u00bbmiddle\u00a0\u00bb hide_bg_image_on_tablet=\u00a0\u00bb\u00a0\u00bb hide_bg_image_on_mobile=\u00a0\u00bb\u00a0\u00bb css=\u00a0\u00bb.vc_custom_1556559464839{margin-bottom: 6em !important;background-color: #3c3c3c !important;}\u00a0\u00bb][vc_column fix_column=\u00a0\u00bb\u00a0\u00bb css=\u00a0\u00bb.vc_custom_1555447304964{margin-top: 6em !important;background-color: #3c3c3c !important;}\u00a0\u00bb][vc_empty_space height=\u00a0\u00bb20em\u00a0\u00bb hide_on_desktop=\u00a0\u00bb\u00a0\u00bb hide_on_notebook=\u00a0\u00bb\u00a0\u00bb hide_on_tablet=\u00a0\u00bb\u00a0\u00bb hide_on_mobile=\u00a0\u00bb\u00a0\u00bb][\/vc_column][\/vc_row][vc_row full_width=\u00a0\u00bbstretch_row_content_no_spaces\u00a0\u00bb hide_bg_image_on_tablet=\u00a0\u00bb\u00a0\u00bb hide_bg_image_on_mobile=\u00a0\u00bb\u00a0\u00bb][vc_column][\/vc_column][\/vc_row]<\/p>\n","protected":false},"author":1,"featured_media":0,"parent":0,"menu_order":0,"comment_status":"closed","ping_status":"closed","template":"","meta":{"footnotes":""},"class_list":["post-149","page","type-page","status-publish","hentry"],"_links":{"self":[{"href":"https:\/\/zonesismique.com\/ecadcoworking.com\/wp-json\/wp\/v2\/pages\/149"}],"collection":[{"href":"https:\/\/zonesismique.com\/ecadcoworking.com\/wp-json\/wp\/v2\/pages"}],"about":[{"href":"https:\/\/zonesismique.com\/ecadcoworking.com\/wp-json\/wp\/v2\/types\/page"}],"author":[{"embeddable":true,"href":"https:\/\/zonesismique.com\/ecadcoworking.com\/wp-json\/wp\/v2\/users\/1"}],"replies":[{"embeddable":true,"href":"https:\/\/zonesismique.com\/ecadcoworking.com\/wp-json\/wp\/v2\/comments?post=149"}],"version-history":[{"count":34,"href":"https:\/\/zonesismique.com\/ecadcoworking.com\/wp-json\/wp\/v2\/pages\/149\/revisions"}],"predecessor-version":[{"id":2409,"href":"https:\/\/zonesismique.com\/ecadcoworking.com\/wp-json\/wp\/v2\/pages\/149\/revisions\/2409"}],"wp:attachment":[{"href":"https:\/\/zonesismique.com\/ecadcoworking.com\/wp-json\/wp\/v2\/media?parent=149"}],"curies":[{"name":"wp","href":"https:\/\/api.w.org\/{rel}","templated":true}]}}